{"id":1040886,"date":"2026-01-08T04:13:47","date_gmt":"2026-01-08T04:13:47","guid":{"rendered":"https:\/\/pbsa.com.br\/?page_id=1040886"},"modified":"2026-03-09T22:26:24","modified_gmt":"2026-03-09T22:26:24","slug":"direito-do-trabalho-e-previdencia-social","status":"publish","type":"page","link":"https:\/\/pbsa.com.br\/es\/direito-do-trabalho-e-previdencia-social\/","title":{"rendered":"Derecho Laboral y Seguridad Social"},"content":{"rendered":"<p>{&#8220;main-title&#8221;:{&#8220;component&#8221;:&#8221;hc_title&#8221;,&#8221;id&#8221;:&#8221;main-title&#8221;,&#8221;title&#8221;:&#8221;&#8221;,&#8221;subtitle&#8221;:&#8221;Solu\u00e7\u00f5es jur\u00eddicas&#8221;,&#8221;title_content&#8221;:{&#8220;component&#8221;:&#8221;hc_title_image&#8221;,&#8221;id&#8221;:&#8221;title-image&#8221;,&#8221;image&#8221;:&#8221;https:\/\/pbsa.com.br\/wp-content\/uploads\/2025\/12\/hd-wide-4-1920&#215;500-1-new-seia.jpg|500|1920|1040737&#8243;,&#8221;full_screen&#8221;:false,&#8221;full_screen_height&#8221;:&#8221;&#8221;,&#8221;parallax&#8221;:true,&#8221;bleed&#8221;:&#8221;&#8221;,&#8221;ken_burn&#8221;:&#8221;ken-burn-center&#8221;,&#8221;breadcrumbs&#8221;:false,&#8221;light&#8221;:true,&#8221;alignment&#8221;:&#8221;&#8221;}},&#8221;section_5ZtkF&#8221;:{&#8220;component&#8221;:&#8221;hc_section&#8221;,&#8221;id&#8221;:&#8221;section_5ZtkF&#8221;,&#8221;section_width&#8221;:&#8221;&#8221;,&#8221;animation&#8221;:&#8221;&#8221;,&#8221;animation_time&#8221;:&#8221;&#8221;,&#8221;timeline_animation&#8221;:&#8221;&#8221;,&#8221;timeline_delay&#8221;:&#8221;&#8221;,&#8221;timeline_order&#8221;:&#8221;&#8221;,&#8221;vertical_row&#8221;:&#8221;&#8221;,&#8221;css_classes&#8221;:&#8221;&#8221;,&#8221;custom_css_classes&#8221;:&#8221;&#8221;,&#8221;custom_css_styles&#8221;:&#8221;background-color:rgba(255, 255, 255)&#8221;,&#8221;section_content&#8221;:[{&#8220;component&#8221;:&#8221;hc_column&#8221;,&#8221;id&#8221;:&#8221;column_IplKr&#8221;,&#8221;column_width&#8221;:&#8221;col-md-8&#8243;,&#8221;animation&#8221;:&#8221;&#8221;,&#8221;animation_time&#8221;:&#8221;&#8221;,&#8221;timeline_animation&#8221;:&#8221;&#8221;,&#8221;timeline_delay&#8221;:&#8221;&#8221;,&#8221;timeline_order&#8221;:&#8221;&#8221;,&#8221;css_classes&#8221;:&#8221;text-sm &#8220;,&#8221;custom_css_classes&#8221;:&#8221;&#8221;,&#8221;custom_css_styles&#8221;:&#8221;&#8221;,&#8221;main_content&#8221;:[{&#8220;component&#8221;:&#8221;hc_title_tag&#8221;,&#8221;id&#8221;:&#8221;KlDbD&#8221;,&#8221;css_classes&#8221;:&#8221;&#8221;,&#8221;custom_css_classes&#8221;:&#8221;&#8221;,&#8221;custom_css_styles&#8221;:&#8221;&#8221;,&#8221;text&#8221;:&#8221;ATUA\u00c7\u00c3O&#8221;,&#8221;tag&#8221;:&#8221;h3&#8243;},{&#8220;component&#8221;:&#8221;hc_space&#8221;,&#8221;id&#8221;:&#8221;ICRpQ&#8221;,&#8221;css_classes&#8221;:&#8221;&#8221;,&#8221;custom_css_classes&#8221;:&#8221;&#8221;,&#8221;custom_css_styles&#8221;:&#8221;&#8221;,&#8221;size&#8221;:&#8221;space&#8221;,&#8221;height&#8221;:&#8221;&#8221;},{&#8220;component&#8221;:&#8221;hc_icon_list&#8221;,&#8221;id&#8221;:&#8221;PtVTL&#8221;,&#8221;css_classes&#8221;:&#8221;&#8221;,&#8221;custom_css_classes&#8221;:&#8221;&#8221;,&#8221;custom_css_styles&#8221;:&#8221;&#8221;,&#8221;rows&#8221;:[{&#8220;component&#8221;:&#8221;repeater_item&#8221;,&#8221;id&#8221;:&#8221;3H8QK&#8221;,&#8221;icon&#8221;:&#8221;im-arrow-right2&#8243;,&#8221;text&#8221;:&#8221;Assessoria jur\u00eddica \u00e0s empresas na \u00e1rea de recursos humanos, em especial na elabora\u00e7\u00e3o e\/ou an\u00e1lise de regulamentos internos de empresas, contratos de trabalho (inclusive expatriados), de  presta\u00e7\u00e3o de servi\u00e7os, planos de participa\u00e7\u00e3o nos lucros e\/ou resultados, Stock Option Plans, Programas de Preven\u00e7\u00e3o de Riscos Ambientais (PPRA) e de Controle M\u00e9dico e Sa\u00fade Ocupacional (PCMSO), CIPAS, planos de demiss\u00e3o volunt\u00e1ria e de compensa\u00e7\u00e3o vari\u00e1vel em geral e assist\u00eancia em todos os \u00e2mbitos da rela\u00e7\u00e3o trabalhista;&#8221;},{&#8220;component&#8221;:&#8221;repeater_item&#8221;,&#8221;id&#8221;:&#8221;iet42&#8243;,&#8221;icon&#8221;:&#8221;im-arrow-right2&#8243;,&#8221;text&#8221;:&#8221;Representa\u00e7\u00e3o patronal em processos judiciais e administrativos, de natureza trabalhista, previdenci\u00e1ria, previd\u00eancia privada, acidentes do trabalho, seguran\u00e7a e sa\u00fade ocupacional; Revis\u00e3o e recupera\u00e7\u00e3o de impostos incidentes sobre folha de pagamento;&#8221;},{&#8220;component&#8221;:&#8221;repeater_item&#8221;,&#8221;id&#8221;:&#8221;5GQWL&#8221;,&#8221;icon&#8221;:&#8221;im-arrow-right2&#8243;,&#8221;text&#8221;:&#8221;Representa\u00e7\u00e3o de sociedades e entidades sindicais em conven\u00e7\u00f5es, acordos e diss\u00eddios coletivos e na negocia\u00e7\u00e3o de contratos coletivos de trabalho;&#8221;},{&#8220;component&#8221;:&#8221;repeater_item&#8221;,&#8221;id&#8221;:&#8221;bq893&#8243;,&#8221;icon&#8221;:&#8221;im-arrow-right2&#8243;,&#8221;text&#8221;:&#8221;Consultoria e auditorias (due diligence) nas \u00e1reas trabalhista, previdenci\u00e1ria, previd\u00eancia privada, seguran\u00e7a e sa\u00fade ocupacional;&#8221;},{&#8220;component&#8221;:&#8221;repeater_item&#8221;,&#8221;id&#8221;:&#8221;lmzkr&#8221;,&#8221;icon&#8221;:&#8221;im-arrow-right2&#8243;,&#8221;text&#8221;:&#8221;Atendimento a empresas estrangeiras, em todas as \u00e1reas citadas.&#8221;}],&#8221;direction&#8221;:&#8221;&#8221;,&#8221;size&#8221;:&#8221;&#8221;,&#8221;style&#8221;:&#8221;&#8221;},{&#8220;component&#8221;:&#8221;hc_column&#8221;,&#8221;id&#8221;:&#8221;column_7wojz&#8221;,&#8221;column_width&#8221;:&#8221;col-md-7&#8243;,&#8221;animation&#8221;:&#8221;&#8221;,&#8221;animation_time&#8221;:&#8221;&#8221;,&#8221;timeline_animation&#8221;:&#8221;&#8221;,&#8221;timeline_delay&#8221;:&#8221;&#8221;,&#8221;timeline_order&#8221;:&#8221;&#8221;,&#8221;css_classes&#8221;:&#8221;justify-content-center &#8220;,&#8221;custom_css_classes&#8221;:&#8221;&#8221;,&#8221;custom_css_styles&#8221;:&#8221;margin-left: 4vh;&#8221;,&#8221;main_content&#8221;:[{&#8220;component&#8221;:&#8221;hc_grid_list&#8221;,&#8221;id&#8221;:&#8221;DGecP&#8221;,&#8221;css_classes&#8221;:&#8221;&#8221;,&#8221;custom_css_classes&#8221;:&#8221;&#8221;,&#8221;custom_css_styles&#8221;:&#8221;&#8221;,&#8221;content&#8221;:[{&#8220;component&#8221;:&#8221;hc_niche_content_box_testimonials&#8221;,&#8221;id&#8221;:&#8221;fXsiH&#8221;,&#8221;css_classes&#8221;:&#8221;&#8221;,&#8221;custom_css_classes&#8221;:&#8221;hide-testimonial-text&#8221;,&#8221;custom_css_styles&#8221;:&#8221;&#8221;,&#8221;image&#8221;:&#8221;https:\/\/pbsa.com.br\/wp-content\/uploads\/2026\/02\/john.png|100|100|1041260&#8243;,&#8221;title&#8221;:&#8221;John Lenon Junkes&#8221;,&#8221;box_style&#8221;:&#8221;style_2&#8243;,&#8221;subtitle&#8221;:&#8221;HEAD da equipe de Direito do Trabalho e Previd\u00eancia Social.&#8221;,&#8221;text&#8221;:&#8221;&#8221;}],&#8221;column&#8221;:&#8221;1&#8243;,&#8221;column_lg&#8221;:&#8221;1&#8243;,&#8221;column_md&#8221;:&#8221;1&#8243;,&#8221;column_sm&#8221;:&#8221;1&#8243;,&#8221;column_xs&#8221;:&#8221;1&#8243;,&#8221;margins&#8221;:&#8221;&#8221;,&#8221;pag_type&#8221;:&#8221;&#8221;,&#8221;pag_items&#8221;:&#8221;&#8221;,&#8221;pag_animation&#8221;:&#8221;&#8221;,&#8221;pag_size&#8221;:&#8221;&#8221;,&#8221;pag_position&#8221;:&#8221;&#8221;,&#8221;lm_lazy&#8221;:false,&#8221;lm_button_text&#8221;:&#8221;&#8221;,&#8221;pag_data_options&#8221;:&#8221;&#8221;}]}]},{&#8220;component&#8221;:&#8221;hc_column&#8221;,&#8221;id&#8221;:&#8221;column_GrE8W&#8221;,&#8221;column_width&#8221;:&#8221;col-md-4&#8243;,&#8221;animation&#8221;:&#8221;&#8221;,&#8221;animation_time&#8221;:&#8221;&#8221;,&#8221;timeline_animation&#8221;:&#8221;&#8221;,&#8221;timeline_delay&#8221;:&#8221;&#8221;,&#8221;timeline_order&#8221;:&#8221;&#8221;,&#8221;css_classes&#8221;:&#8221;&#8221;,&#8221;custom_css_classes&#8221;:&#8221;&#8221;,&#8221;custom_css_styles&#8221;:&#8221;&#8221;,&#8221;main_content&#8221;:[{&#8220;component&#8221;:&#8221;hc_space&#8221;,&#8221;id&#8221;:&#8221;w02eX&#8221;,&#8221;css_classes&#8221;:&#8221;visible-md &#8220;,&#8221;custom_css_classes&#8221;:&#8221;&#8221;,&#8221;custom_css_styles&#8221;:&#8221;&#8221;,&#8221;size&#8221;:&#8221;space&#8221;,&#8221;height&#8221;:&#8221;&#8221;},{&#8220;component&#8221;:&#8221;hc_fixed_area&#8221;,&#8221;id&#8221;:&#8221;qPXQ2&#8243;,&#8221;css_classes&#8221;:&#8221;&#8221;,&#8221;custom_css_classes&#8221;:&#8221;&#8221;,&#8221;custom_css_styles&#8221;:&#8221;&#8221;,&#8221;content&#8221;:[{&#8220;component&#8221;:&#8221;hc_inner_menu&#8221;,&#8221;id&#8221;:&#8221;cXKaz&#8221;,&#8221;css_classes&#8221;:&#8221;light boxed-area &#8220;,&#8221;custom_css_classes&#8221;:&#8221;&#8221;,&#8221;custom_css_styles&#8221;:&#8221;&#8221;,&#8221;rows&#8221;:[{&#8220;component&#8221;:&#8221;repeater_item&#8221;,&#8221;id&#8221;:&#8221;lUdm3&#8243;,&#8221;child&#8221;:&#8221;&#8221;,&#8221;icon&#8221;:&#8221;&#8221;,&#8221;text&#8221;:&#8221;Direito Tribut\u00e1rio&#8221;,&#8221;link&#8221;:&#8221;\/direito-tributario&#8221;},{&#8220;component&#8221;:&#8221;repeater_item&#8221;,&#8221;id&#8221;:&#8221;EPYg3&#8243;,&#8221;child&#8221;:&#8221;&#8221;,&#8221;icon&#8221;:&#8221;&#8221;,&#8221;text&#8221;:&#8221;Direito das Rela\u00e7\u00f5es Comerciais&#8221;,&#8221;link&#8221;:&#8221;\/direito-das-relacoes-comerciais&#8221;},{&#8220;component&#8221;:&#8221;repeater_item&#8221;,&#8221;id&#8221;:&#8221;nSVH8&#8243;,&#8221;child&#8221;:&#8221;&#8221;,&#8221;icon&#8221;:&#8221;&#8221;,&#8221;text&#8221;:&#8221;Opera\u00e7\u00f5es e Negocia\u00e7\u00f5es societ\u00e1rias&#8221;,&#8221;link&#8221;:&#8221;\/operacoes-e-negociacoes-societarias&#8221;},{&#8220;component&#8221;:&#8221;repeater_item&#8221;,&#8221;id&#8221;:&#8221;xslCw&#8221;,&#8221;child&#8221;:&#8221;&#8221;,&#8221;icon&#8221;:&#8221;&#8221;,&#8221;text&#8221;:&#8221;Direito M\u00e9dico&#8221;,&#8221;link&#8221;:&#8221;\/direito-medico&#8221;},{&#8220;component&#8221;:&#8221;repeater_item&#8221;,&#8221;id&#8221;:&#8221;Dt4NG&#8221;,&#8221;child&#8221;:&#8221;&#8221;,&#8221;icon&#8221;:&#8221;&#8221;,&#8221;text&#8221;:&#8221;Contencioso&#8221;,&#8221;link&#8221;:&#8221;\/contencioso&#8221;},{&#8220;component&#8221;:&#8221;repeater_item&#8221;,&#8221;id&#8221;:&#8221;4nLCj&#8221;,&#8221;child&#8221;:&#8221;&#8221;,&#8221;icon&#8221;:&#8221;&#8221;,&#8221;text&#8221;:&#8221;Direito do Cosumidor&#8221;,&#8221;link&#8221;:&#8221;\/direito-do-consumidor&#8221;},{&#8220;component&#8221;:&#8221;repeater_item&#8221;,&#8221;id&#8221;:&#8221;9y2PF&#8221;,&#8221;child&#8221;:&#8221;&#8221;,&#8221;icon&#8221;:&#8221;&#8221;,&#8221;text&#8221;:&#8221;Direito Banc\u00e1rio&#8221;,&#8221;link&#8221;:&#8221;\/direito-bancario&#8221;},{&#8220;component&#8221;:&#8221;repeater_item&#8221;,&#8221;id&#8221;:&#8221;NGVtF&#8221;,&#8221;child&#8221;:&#8221;&#8221;,&#8221;icon&#8221;:&#8221;&#8221;,&#8221;text&#8221;:&#8221;Direito Imobili\u00e1rio&#8221;,&#8221;link&#8221;:&#8221;\/direito-imobiliario&#8221;},{&#8220;component&#8221;:&#8221;repeater_item&#8221;,&#8221;id&#8221;:&#8221;kSV60&#8243;,&#8221;child&#8221;:&#8221;&#8221;,&#8221;icon&#8221;:&#8221;&#8221;,&#8221;text&#8221;:&#8221;Direito do trabalho e Previd\u00eancia Social&#8221;,&#8221;link&#8221;:&#8221;\/direito-do-trabalho-e-previdencia-social&#8221;},{&#8220;component&#8221;:&#8221;repeater_item&#8221;,&#8221;id&#8221;:&#8221;bMQxM&#8221;,&#8221;child&#8221;:&#8221;&#8221;,&#8221;icon&#8221;:&#8221;&#8221;,&#8221;text&#8221;:&#8221;Direito Digital&#8221;,&#8221;link&#8221;:&#8221;\/direito-digital&#8221;},{&#8220;component&#8221;:&#8221;repeater_item&#8221;,&#8221;id&#8221;:&#8221;GLkwA&#8221;,&#8221;child&#8221;:&#8221;&#8221;,&#8221;icon&#8221;:&#8221;&#8221;,&#8221;text&#8221;:&#8221;Propriedade Intelectual&#8221;,&#8221;link&#8221;:&#8221;\/propriedade-intelectual&#8221;},{&#8220;component&#8221;:&#8221;repeater_item&#8221;,&#8221;id&#8221;:&#8221;AIkMi&#8221;,&#8221;child&#8221;:&#8221;&#8221;,&#8221;icon&#8221;:&#8221;&#8221;,&#8221;text&#8221;:&#8221;Direito Aduaneiro&#8221;,&#8221;link&#8221;:&#8221;\/direito-aduaneiro&#8221;},{&#8220;component&#8221;:&#8221;repeater_item&#8221;,&#8221;id&#8221;:&#8221;0HMcJ&#8221;,&#8221;child&#8221;:&#8221;&#8221;,&#8221;icon&#8221;:&#8221;&#8221;,&#8221;text&#8221;:&#8221;Terceiro Setor&#8221;,&#8221;link&#8221;:&#8221;\/terceiro-setor&#8221;}],&#8221;type&#8221;:&#8221;vertical&#8221;,&#8221;alignment&#8221;:&#8221;&#8221;,&#8221;active_item&#8221;:&#8221;8&#8243;}],&#8221;top&#8221;:&#8221;80&#8243;}]}],&#8221;section_settings&#8221;:&#8221;&#8221;},&#8221;scripts&#8221;:{&#8220;parallax&#8221;:&#8221;parallax.min.js&#8221;,&#8221;pagination&#8221;:&#8221;pagination.min.js&#8221;,&#8221;sticky&#8221;:&#8221;sticky-kit.min.js&#8221;},&#8221;css&#8221;:{&#8220;content_box&#8221;:&#8221;css\/content-box.css&#8221;},&#8221;css_page&#8221;:&#8221;&#8221;,&#8221;template_setting&#8221;:{},&#8221;template_setting_top&#8221;:{},&#8221;page_setting&#8221;:{&#8220;settings&#8221;:[&#8220;lock-mode-off&#8221;,&#8221;inner_menu&#8221;]}}<\/p>","protected":false},"excerpt":{"rendered":"<p>{&#8220;main-title&#8221;:{&#8220;component&#8221;:&#8221;hc_title&#8221;,&#8221;id&#8221;:&#8221;main-title&#8221;,&#8221;title&#8221;:&#8221;&#8221;,&#8221;subtitle&#8221;:&#8221;Solu\u00e7\u00f5es jur\u00eddicas&#8221;,&#8221;title_content&#8221;:{&#8220;component&#8221;:&#8221;hc_title_image&#8221;,&#8221;id&#8221;:&#8221;title-image&#8221;,&#8221;image&#8221;:&#8221;https:\/\/pbsa.com.br\/wp-content\/uploads\/2025\/12\/hd-wide-4-1920&#215;500-1-new-seia.jpg|500|1920|1040737&#8243;,&#8221;full_screen&#8221;:false,&#8221;full_screen_height&#8221;:&#8221;&#8221;,&#8221;parallax&#8221;:true,&#8221;bleed&#8221;:&#8221;&#8221;,&#8221;ken_burn&#8221;:&#8221;ken-burn-center&#8221;,&#8221;breadcrumbs&#8221;:false,&#8221;light&#8221;:true,&#8221;alignment&#8221;:&#8221;&#8221;}},&#8221;section_5ZtkF&#8221;:{&#8220;component&#8221;:&#8221;hc_section&#8221;,&#8221;id&#8221;:&#8221;section_5ZtkF&#8221;,&#8221;section_width&#8221;:&#8221;&#8221;,&#8221;animation&#8221;:&#8221;&#8221;,&#8221;animation_time&#8221;:&#8221;&#8221;,&#8221;timeline_animation&#8221;:&#8221;&#8221;,&#8221;timeline_delay&#8221;:&#8221;&#8221;,&#8221;timeline_order&#8221;:&#8221;&#8221;,&#8221;vertical_row&#8221;:&#8221;&#8221;,&#8221;css_classes&#8221;:&#8221;&#8221;,&#8221;custom_css_classes&#8221;:&#8221;&#8221;,&#8221;custom_css_styles&#8221;:&#8221;background-color:rgba(255, 255, 255)&#8221;,&#8221;section_content&#8221;:[{&#8220;component&#8221;:&#8221;hc_column&#8221;,&#8221;id&#8221;:&#8221;column_IplKr&#8221;,&#8221;column_width&#8221;:&#8221;col-md-8&#8243;,&#8221;animation&#8221;:&#8221;&#8221;,&#8221;animation_time&#8221;:&#8221;&#8221;,&#8221;timeline_animation&#8221;:&#8221;&#8221;,&#8221;timeline_delay&#8221;:&#8221;&#8221;,&#8221;timeline_order&#8221;:&#8221;&#8221;,&#8221;css_classes&#8221;:&#8221;text-sm &#8220;,&#8221;custom_css_classes&#8221;:&#8221;&#8221;,&#8221;custom_css_styles&#8221;:&#8221;&#8221;,&#8221;main_content&#8221;:[{&#8220;component&#8221;:&#8221;hc_title_tag&#8221;,&#8221;id&#8221;:&#8221;KlDbD&#8221;,&#8221;css_classes&#8221;:&#8221;&#8221;,&#8221;custom_css_classes&#8221;:&#8221;&#8221;,&#8221;custom_css_styles&#8221;:&#8221;&#8221;,&#8221;text&#8221;:&#8221;ATUA\u00c7\u00c3O&#8221;,&#8221;tag&#8221;:&#8221;h3&#8243;},{&#8220;component&#8221;:&#8221;hc_space&#8221;,&#8221;id&#8221;:&#8221;ICRpQ&#8221;,&#8221;css_classes&#8221;:&#8221;&#8221;,&#8221;custom_css_classes&#8221;:&#8221;&#8221;,&#8221;custom_css_styles&#8221;:&#8221;&#8221;,&#8221;size&#8221;:&#8221;space&#8221;,&#8221;height&#8221;:&#8221;&#8221;},{&#8220;component&#8221;:&#8221;hc_icon_list&#8221;,&#8221;id&#8221;:&#8221;PtVTL&#8221;,&#8221;css_classes&#8221;:&#8221;&#8221;,&#8221;custom_css_classes&#8221;:&#8221;&#8221;,&#8221;custom_css_styles&#8221;:&#8221;&#8221;,&#8221;rows&#8221;:[{&#8220;component&#8221;:&#8221;repeater_item&#8221;,&#8221;id&#8221;:&#8221;3H8QK&#8221;,&#8221;icon&#8221;:&#8221;im-arrow-right2&#8243;,&#8221;text&#8221;:&#8221;Assessoria jur\u00eddica \u00e0s empresas na \u00e1rea de recursos humanos, em especial na elabora\u00e7\u00e3o e\/ou an\u00e1lise de regulamentos internos de empresas, contratos de trabalho (inclusive expatriados), de presta\u00e7\u00e3o de servi\u00e7os, planos de participa\u00e7\u00e3o nos lucros e\/ou resultados, Stock Option Plans, Programas de Preven\u00e7\u00e3o de Riscos Ambientais (PPRA) e de Controle M\u00e9dico e Sa\u00fade Ocupacional (PCMSO), CIPAS, planos de demiss\u00e3o volunt\u00e1ria e de compensa\u00e7\u00e3o vari\u00e1vel em geral e assist\u00eancia em todos os \u00e2mbitos da rela\u00e7\u00e3o trabalhista;&#8221;},{&#8220;component&#8221;:&#8221;repeater_item&#8221;,&#8221;id&#8221;:&#8221;iet42&#8243;,&#8221;icon&#8221;:&#8221;im-arrow-right2&#8243;,&#8221;text&#8221;:&#8221;Representa\u00e7\u00e3o patronal em processos judiciais e administrativos, de natureza trabalhista, previdenci\u00e1ria, previd\u00eancia privada, acidentes do trabalho, seguran\u00e7a e sa\u00fade ocupacional; Revis\u00e3o e recupera\u00e7\u00e3o de impostos incidentes sobre folha de pagamento;&#8221;},{&#8220;component&#8221;:&#8221;repeater_item&#8221;,&#8221;id&#8221;:&#8221;5GQWL&#8221;,&#8221;icon&#8221;:&#8221;im-arrow-right2&#8243;,&#8221;text&#8221;:&#8221;Representa\u00e7\u00e3o de sociedades e entidades sindicais em conven\u00e7\u00f5es, acordos e diss\u00eddios coletivos e na negocia\u00e7\u00e3o de contratos coletivos de trabalho;&#8221;},{&#8220;component&#8221;:&#8221;repeater_item&#8221;,&#8221;id&#8221;:&#8221;bq893&#8243;,&#8221;icon&#8221;:&#8221;im-arrow-right2&#8243;,&#8221;text&#8221;:&#8221;Consultoria e auditorias (due diligence) nas \u00e1reas trabalhista, previdenci\u00e1ria, previd\u00eancia privada, seguran\u00e7a e sa\u00fade ocupacional;&#8221;},{&#8220;component&#8221;:&#8221;repeater_item&#8221;,&#8221;id&#8221;:&#8221;lmzkr&#8221;,&#8221;icon&#8221;:&#8221;im-arrow-right2&#8243;,&#8221;text&#8221;:&#8221;Atendimento a empresas estrangeiras, em todas as \u00e1reas citadas.&#8221;}],&#8221;direction&#8221;:&#8221;&#8221;,&#8221;size&#8221;:&#8221;&#8221;,&#8221;style&#8221;:&#8221;&#8221;},{&#8220;component&#8221;:&#8221;hc_column&#8221;,&#8221;id&#8221;:&#8221;column_7wojz&#8221;,&#8221;column_width&#8221;:&#8221;col-md-7&#8243;,&#8221;animation&#8221;:&#8221;&#8221;,&#8221;animation_time&#8221;:&#8221;&#8221;,&#8221;timeline_animation&#8221;:&#8221;&#8221;,&#8221;timeline_delay&#8221;:&#8221;&#8221;,&#8221;timeline_order&#8221;:&#8221;&#8221;,&#8221;css_classes&#8221;:&#8221;justify-content-center &#8220;,&#8221;custom_css_classes&#8221;:&#8221;&#8221;,&#8221;custom_css_styles&#8221;:&#8221;margin-left: 4vh;&#8221;,&#8221;main_content&#8221;:[{&#8220;component&#8221;:&#8221;hc_grid_list&#8221;,&#8221;id&#8221;:&#8221;DGecP&#8221;,&#8221;css_classes&#8221;:&#8221;&#8221;,&#8221;custom_css_classes&#8221;:&#8221;&#8221;,&#8221;custom_css_styles&#8221;:&#8221;&#8221;,&#8221;content&#8221;:[{&#8220;component&#8221;:&#8221;hc_niche_content_box_testimonials&#8221;,&#8221;id&#8221;:&#8221;fXsiH&#8221;,&#8221;css_classes&#8221;:&#8221;&#8221;,&#8221;custom_css_classes&#8221;:&#8221;hide-testimonial-text&#8221;,&#8221;custom_css_styles&#8221;:&#8221;&#8221;,&#8221;image&#8221;:&#8221;https:\/\/pbsa.com.br\/wp-content\/uploads\/2026\/02\/john.png|100|100|1041260&#8243;,&#8221;title&#8221;:&#8221;John Lenon Junkes&#8221;,&#8221;box_style&#8221;:&#8221;style_2&#8243;,&#8221;subtitle&#8221;:&#8221;HEAD da equipe de Direito do Trabalho e Previd\u00eancia Social.&#8221;,&#8221;text&#8221;:&#8221;&#8221;}],&#8221;column&#8221;:&#8221;1&#8243;,&#8221;column_lg&#8221;:&#8221;1&#8243;,&#8221;column_md&#8221;:&#8221;1&#8243;,&#8221;column_sm&#8221;:&#8221;1&#8243;,&#8221;column_xs&#8221;:&#8221;1&#8243;,&#8221;margins&#8221;:&#8221;&#8221;,&#8221;pag_type&#8221;:&#8221;&#8221;,&#8221;pag_items&#8221;:&#8221;&#8221;,&#8221;pag_animation&#8221;:&#8221;&#8221;,&#8221;pag_size&#8221;:&#8221;&#8221;,&#8221;pag_position&#8221;:&#8221;&#8221;,&#8221;lm_lazy&#8221;:false,&#8221;lm_button_text&#8221;:&#8221;&#8221;,&#8221;pag_data_options&#8221;:&#8221;&#8221;}]}]},{&#8220;component&#8221;:&#8221;hc_column&#8221;,&#8221;id&#8221;:&#8221;column_GrE8W&#8221;,&#8221;column_width&#8221;:&#8221;col-md-4&#8243;,&#8221;animation&#8221;:&#8221;&#8221;,&#8221;animation_time&#8221;:&#8221;&#8221;,&#8221;timeline_animation&#8221;:&#8221;&#8221;,&#8221;timeline_delay&#8221;:&#8221;&#8221;,&#8221;timeline_order&#8221;:&#8221;&#8221;,&#8221;css_classes&#8221;:&#8221;&#8221;,&#8221;custom_css_classes&#8221;:&#8221;&#8221;,&#8221;custom_css_styles&#8221;:&#8221;&#8221;,&#8221;main_content&#8221;:[{&#8220;component&#8221;:&#8221;hc_space&#8221;,&#8221;id&#8221;:&#8221;w02eX&#8221;,&#8221;css_classes&#8221;:&#8221;visible-md &#8220;,&#8221;custom_css_classes&#8221;:&#8221;&#8221;,&#8221;custom_css_styles&#8221;:&#8221;&#8221;,&#8221;size&#8221;:&#8221;space&#8221;,&#8221;height&#8221;:&#8221;&#8221;},{&#8220;component&#8221;:&#8221;hc_fixed_area&#8221;,&#8221;id&#8221;:&#8221;qPXQ2&#8243;,&#8221;css_classes&#8221;:&#8221;&#8221;,&#8221;custom_css_classes&#8221;:&#8221;&#8221;,&#8221;custom_css_styles&#8221;:&#8221;&#8221;,&#8221;content&#8221;:[{&#8220;component&#8221;:&#8221;hc_inner_menu&#8221;,&#8221;id&#8221;:&#8221;cXKaz&#8221;,&#8221;css_classes&#8221;:&#8221;light boxed-area &#8220;,&#8221;custom_css_classes&#8221;:&#8221;&#8221;,&#8221;custom_css_styles&#8221;:&#8221;&#8221;,&#8221;rows&#8221;:[{&#8220;component&#8221;:&#8221;repeater_item&#8221;,&#8221;id&#8221;:&#8221;lUdm3&#8243;,&#8221;child&#8221;:&#8221;&#8221;,&#8221;icon&#8221;:&#8221;&#8221;,&#8221;text&#8221;:&#8221;Direito Tribut\u00e1rio&#8221;,&#8221;link&#8221;:&#8221;\/direito-tributario&#8221;},{&#8220;component&#8221;:&#8221;repeater_item&#8221;,&#8221;id&#8221;:&#8221;EPYg3&#8243;,&#8221;child&#8221;:&#8221;&#8221;,&#8221;icon&#8221;:&#8221;&#8221;,&#8221;text&#8221;:&#8221;Direito das Rela\u00e7\u00f5es Comerciais&#8221;,&#8221;link&#8221;:&#8221;\/direito-das-relacoes-comerciais&#8221;},{&#8220;component&#8221;:&#8221;repeater_item&#8221;,&#8221;id&#8221;:&#8221;nSVH8&#8243;,&#8221;child&#8221;:&#8221;&#8221;,&#8221;icon&#8221;:&#8221;&#8221;,&#8221;text&#8221;:&#8221;Opera\u00e7\u00f5es e Negocia\u00e7\u00f5es societ\u00e1rias&#8221;,&#8221;link&#8221;:&#8221;\/operacoes-e-negociacoes-societarias&#8221;},{&#8220;component&#8221;:&#8221;repeater_item&#8221;,&#8221;id&#8221;:&#8221;xslCw&#8221;,&#8221;child&#8221;:&#8221;&#8221;,&#8221;icon&#8221;:&#8221;&#8221;,&#8221;text&#8221;:&#8221;Direito M\u00e9dico&#8221;,&#8221;link&#8221;:&#8221;\/direito-medico&#8221;},{&#8220;component&#8221;:&#8221;repeater_item&#8221;,&#8221;id&#8221;:&#8221;Dt4NG&#8221;,&#8221;child&#8221;:&#8221;&#8221;,&#8221;icon&#8221;:&#8221;&#8221;,&#8221;text&#8221;:&#8221;Contencioso&#8221;,&#8221;link&#8221;:&#8221;\/contencioso&#8221;},{&#8220;component&#8221;:&#8221;repeater_item&#8221;,&#8221;id&#8221;:&#8221;4nLCj&#8221;,&#8221;child&#8221;:&#8221;&#8221;,&#8221;icon&#8221;:&#8221;&#8221;,&#8221;text&#8221;:&#8221;Direito do Cosumidor&#8221;,&#8221;link&#8221;:&#8221;\/direito-do-consumidor&#8221;},{&#8220;component&#8221;:&#8221;repeater_item&#8221;,&#8221;id&#8221;:&#8221;9y2PF&#8221;,&#8221;child&#8221;:&#8221;&#8221;,&#8221;icon&#8221;:&#8221;&#8221;,&#8221;text&#8221;:&#8221;Direito Banc\u00e1rio&#8221;,&#8221;link&#8221;:&#8221;\/direito-bancario&#8221;},{&#8220;component&#8221;:&#8221;repeater_item&#8221;,&#8221;id&#8221;:&#8221;NGVtF&#8221;,&#8221;child&#8221;:&#8221;&#8221;,&#8221;icon&#8221;:&#8221;&#8221;,&#8221;text&#8221;:&#8221;Direito Imobili\u00e1rio&#8221;,&#8221;link&#8221;:&#8221;\/direito-imobiliario&#8221;},{&#8220;component&#8221;:&#8221;repeater_item&#8221;,&#8221;id&#8221;:&#8221;kSV60&#8243;,&#8221;child&#8221;:&#8221;&#8221;,&#8221;icon&#8221;:&#8221;&#8221;,&#8221;text&#8221;:&#8221;Direito do trabalho e Previd\u00eancia Social&#8221;,&#8221;link&#8221;:&#8221;\/direito-do-trabalho-e-previdencia-social&#8221;},{&#8220;component&#8221;:&#8221;repeater_item&#8221;,&#8221;id&#8221;:&#8221;bMQxM&#8221;,&#8221;child&#8221;:&#8221;&#8221;,&#8221;icon&#8221;:&#8221;&#8221;,&#8221;text&#8221;:&#8221;Direito Digital&#8221;,&#8221;link&#8221;:&#8221;\/direito-digital&#8221;},{&#8220;component&#8221;:&#8221;repeater_item&#8221;,&#8221;id&#8221;:&#8221;GLkwA&#8221;,&#8221;child&#8221;:&#8221;&#8221;,&#8221;icon&#8221;:&#8221;&#8221;,&#8221;text&#8221;:&#8221;Propriedade Intelectual&#8221;,&#8221;link&#8221;:&#8221;\/propriedade-intelectual&#8221;},{&#8220;component&#8221;:&#8221;repeater_item&#8221;,&#8221;id&#8221;:&#8221;AIkMi&#8221;,&#8221;child&#8221;:&#8221;&#8221;,&#8221;icon&#8221;:&#8221;&#8221;,&#8221;text&#8221;:&#8221;Direito Aduaneiro&#8221;,&#8221;link&#8221;:&#8221;\/direito-aduaneiro&#8221;},{&#8220;component&#8221;:&#8221;repeater_item&#8221;,&#8221;id&#8221;:&#8221;0HMcJ&#8221;,&#8221;child&#8221;:&#8221;&#8221;,&#8221;icon&#8221;:&#8221;&#8221;,&#8221;text&#8221;:&#8221;Terceiro Setor&#8221;,&#8221;link&#8221;:&#8221;\/terceiro-setor&#8221;}],&#8221;type&#8221;:&#8221;vertical&#8221;,&#8221;alignment&#8221;:&#8221;&#8221;,&#8221;active_item&#8221;:&#8221;8&#8243;}],&#8221;top&#8221;:&#8221;80&#8243;}]}],&#8221;section_settings&#8221;:&#8221;&#8221;},&#8221;scripts&#8221;:{&#8220;parallax&#8221;:&#8221;parallax.min.js&#8221;,&#8221;pagination&#8221;:&#8221;pagination.min.js&#8221;,&#8221;sticky&#8221;:&#8221;sticky-kit.min.js&#8221;},&#8221;css&#8221;:{&#8220;content_box&#8221;:&#8221;css\/content-box.css&#8221;},&#8221;css_page&#8221;:&#8221;&#8221;,&#8221;template_setting&#8221;:{},&#8221;template_setting_top&#8221;:{},&#8221;page_setting&#8221;:{&#8220;settings&#8221;:[&#8220;lock-mode-off&#8221;,&#8221;inner_menu&#8221;]}}<\/p>","protected":false},"author":1,"featured_media":0,"parent":0,"menu_order":0,"comment_status":"closed","ping_status":"closed","template":"","meta":{"_joinchat":[],"footnotes":""},"coauthors":[82],"class_list":["post-1040886","page","type-page","status-publish","hentry"],"_links":{"self":[{"href":"https:\/\/pbsa.com.br\/es\/wp-json\/wp\/v2\/pages\/1040886","targetHints":{"allow":["GET"]}}],"collection":[{"href":"https:\/\/pbsa.com.br\/es\/wp-json\/wp\/v2\/pages"}],"about":[{"href":"https:\/\/pbsa.com.br\/es\/wp-json\/wp\/v2\/types\/page"}],"author":[{"embeddable":true,"href":"https:\/\/pbsa.com.br\/es\/wp-json\/wp\/v2\/users\/1"}],"replies":[{"embeddable":true,"href":"https:\/\/pbsa.com.br\/es\/wp-json\/wp\/v2\/comments?post=1040886"}],"version-history":[{"count":13,"href":"https:\/\/pbsa.com.br\/es\/wp-json\/wp\/v2\/pages\/1040886\/revisions"}],"predecessor-version":[{"id":1042774,"href":"https:\/\/pbsa.com.br\/es\/wp-json\/wp\/v2\/pages\/1040886\/revisions\/1042774"}],"wp:attachment":[{"href":"https:\/\/pbsa.com.br\/es\/wp-json\/wp\/v2\/media?parent=1040886"}],"wp:term":[{"taxonomy":"author","embeddable":true,"href":"https:\/\/pbsa.com.br\/es\/wp-json\/wp\/v2\/coauthors?post=1040886"}],"curies":[{"name":"wp","href":"https:\/\/api.w.org\/{rel}","templated":true}]}}