{"id":171,"date":"2019-06-08T18:59:35","date_gmt":"2019-06-08T18:59:35","guid":{"rendered":"http:\/\/localhost\/execoore\/?page_id=171"},"modified":"2026-03-12T22:36:30","modified_gmt":"2026-03-12T22:36:30","slug":"historia","status":"publish","type":"page","link":"https:\/\/pbsa.com.br\/en\/historia\/","title":{"rendered":"Our history"},"content":{"rendered":"<p>{&#8220;main-title&#8221;:{&#8220;component&#8221;:&#8221;hc_title&#8221;,&#8221;id&#8221;:&#8221;main-title&#8221;,&#8221;title&#8221;:&#8221;&#8221;,&#8221;subtitle&#8221;:&#8221;Linha do tempo&#8221;,&#8221;title_content&#8221;:{&#8220;component&#8221;:&#8221;hc_title_image&#8221;,&#8221;id&#8221;:&#8221;title-image&#8221;,&#8221;image&#8221;:&#8221;https:\/\/pbsa.com.br\/wp-content\/uploads\/2025\/12\/hd-wide-3-1920&#215;500-1-new-sepia-1.jpg|500|1920|1040736&#8243;,&#8221;full_screen&#8221;:false,&#8221;full_screen_height&#8221;:&#8221;&#8221;,&#8221;parallax&#8221;:true,&#8221;bleed&#8221;:&#8221;&#8221;,&#8221;ken_burn&#8221;:&#8221;ken-burn-center&#8221;,&#8221;breadcrumbs&#8221;:true,&#8221;light&#8221;:true,&#8221;alignment&#8221;:&#8221;&#8221;}},&#8221;section_5ZtkF&#8221;:{&#8220;component&#8221;:&#8221;hc_section&#8221;,&#8221;id&#8221;:&#8221;section_5ZtkF&#8221;,&#8221;section_width&#8221;:&#8221;&#8221;,&#8221;animation&#8221;:&#8221;&#8221;,&#8221;animation_time&#8221;:&#8221;&#8221;,&#8221;timeline_animation&#8221;:&#8221;&#8221;,&#8221;timeline_delay&#8221;:&#8221;&#8221;,&#8221;timeline_order&#8221;:&#8221;&#8221;,&#8221;vertical_row&#8221;:&#8221;&#8221;,&#8221;css_classes&#8221;:&#8221;&#8221;,&#8221;custom_css_classes&#8221;:&#8221;&#8221;,&#8221;custom_css_styles&#8221;:&#8221;&#8221;,&#8221;section_content&#8221;:[{&#8220;component&#8221;:&#8221;hc_column&#8221;,&#8221;id&#8221;:&#8221;column_3UKHC&#8221;,&#8221;column_width&#8221;:&#8221;col-md-9&#8243;,&#8221;animation&#8221;:&#8221;&#8221;,&#8221;animation_time&#8221;:&#8221;&#8221;,&#8221;timeline_animation&#8221;:&#8221;&#8221;,&#8221;timeline_delay&#8221;:&#8221;&#8221;,&#8221;timeline_order&#8221;:&#8221;&#8221;,&#8221;css_classes&#8221;:&#8221;&#8221;,&#8221;custom_css_classes&#8221;:&#8221;&#8221;,&#8221;custom_css_styles&#8221;:&#8221;&#8221;,&#8221;main_content&#8221;:[{&#8220;component&#8221;:&#8221;hc_timeline&#8221;,&#8221;id&#8221;:&#8221;ZtzxQ&#8221;,&#8221;css_classes&#8221;:&#8221;&#8221;,&#8221;custom_css_classes&#8221;:&#8221;&#8221;,&#8221;custom_css_styles&#8221;:&#8221;&#8221;,&#8221;rows&#8221;:[{&#8220;component&#8221;:&#8221;repeater_item&#8221;,&#8221;id&#8221;:&#8221;g1E7J&#8221;,&#8221;title&#8221;:&#8221;O Nascimento do Escrit\u00f3rio&#8221;,&#8221;content&#8221;:&#8221;O escrit\u00f3rio foi fundado em 2016, a partir da uni\u00e3o de dois profissionais \u00e1vidos para proporcionar algo diferenciado no mercado jur\u00eddico, direcionado especificamente para solucionar as demandas de empres\u00e1rios de diferentes perfis e setores. Com s\u00f3lida forma\u00e7\u00e3o jur\u00eddica, desde o in\u00edcio, a atua\u00e7\u00e3o foi pautada pelo compromisso com a excel\u00eancia t\u00e9cnica, a confian\u00e7a nas rela\u00e7\u00f5es e a busca por solu\u00e7\u00f5es jur\u00eddicas eficientes.&#8221;,&#8221;position&#8221;:&#8221;&#8221;,&#8221;date&#8221;:&#8221;2016&#8243;,&#8221;date_subtitle&#8221;:&#8221;FUNDA\u00c7\u00c3O&#8221;},{&#8220;component&#8221;:&#8221;repeater_item&#8221;,&#8221;id&#8221;:&#8221;PEqFU&#8221;,&#8221;title&#8221;:&#8221;Consolida\u00e7\u00e3o e Novos S\u00f3cios&#8221;,&#8221;content&#8221;:&#8221;Com o crescimento da carteira de clientes e a amplia\u00e7\u00e3o das demandas jur\u00eddicas, em 2019 o escrit\u00f3rio passou por uma importante fase de consolida\u00e7\u00e3o. Esse per\u00edodo foi marcado por entrada de novos s\u00f3cios, amplia\u00e7\u00e3o da equipe e fortalecimento institucional, permitindo a expans\u00e3o das \u00e1reas de atua\u00e7\u00e3o e o aprimoramento dos servi\u00e7os prestados.&#8221;,&#8221;position&#8221;:&#8221;right&#8221;,&#8221;date&#8221;:&#8221;2019&#8243;,&#8221;date_subtitle&#8221;:&#8221;CONSOLIDA\u00c7\u00c3O&#8221;},{&#8220;component&#8221;:&#8221;repeater_item&#8221;,&#8221;id&#8221;:&#8221;IS9c3&#8243;,&#8221;title&#8221;:&#8221;Expans\u00e3o e Presen\u00e7a Global&#8221;,&#8221;content&#8221;:&#8221;A partir de 2022, o escrit\u00f3rio iniciou um processo de expans\u00e3o, ampliando sua atua\u00e7\u00e3o e refor\u00e7ando sua presen\u00e7a no mercado jur\u00eddico nacional e internacional. A inaugura\u00e7\u00e3o de um novo espa\u00e7o f\u00edsico, em joinville, para receber nossos clientes com mais conforto e discri\u00e7\u00e3o, refletiu o reconhecimento do trabalho desenvolvido ao longo dos anos.&#8221;,&#8221;position&#8221;:&#8221;&#8221;,&#8221;date&#8221;:&#8221;2022&#8243;,&#8221;date_subtitle&#8221;:&#8221;EXAPANS\u00c3O&#8221;},{&#8220;component&#8221;:&#8221;repeater_item&#8221;,&#8221;id&#8221;:&#8221;hQozG&#8221;,&#8221;title&#8221;:&#8221;Inova\u00e7\u00e3o nos Canais de Atendimento&#8221;,&#8221;content&#8221;:&#8221;Em 2024, acompanhando a evolu\u00e7\u00e3o do mercado e as novas formas de comunica\u00e7\u00e3o, o escrit\u00f3rio passou a investir em sua presen\u00e7a digital. A moderniza\u00e7\u00e3o dos canais de atendimento e comunica\u00e7\u00e3o refor\u00e7ou o compromisso com a transpar\u00eancia, a proximidade com os clientes e a divulga\u00e7\u00e3o de conte\u00fado jur\u00eddico relevante e atualizado.&#8221;,&#8221;position&#8221;:&#8221;right&#8221;,&#8221;date&#8221;:&#8221;2024&#8243;,&#8221;date_subtitle&#8221;:&#8221;INOVA\u00c7\u00c3O&#8221;},{&#8220;component&#8221;:&#8221;repeater_item&#8221;,&#8221;id&#8221;:&#8221;zTtmH&#8221;,&#8221;title&#8221;:&#8221;Um Novo Cap\u00edtulo em Nossa Hist\u00f3ria&#8221;,&#8221;content&#8221;:&#8221;Atualmente, em 2026, iniciaremos nossas atividades em uma nova sede, constru\u00edda e planejada para oferecer uma experi\u00eancia diferenciada aos clientes. O escrit\u00f3rio segue em constante evolu\u00e7\u00e3o, mantendo seus valores fundamentais e buscando solu\u00e7\u00f5es jur\u00eddicas inovadoras e seguras. Permanecemos comprometido em oferecer um atendimento personalizado, alinhado \u00e0s necessidades de cada cliente e \u00e0s constantes transforma\u00e7\u00f5es do cen\u00e1rio jur\u00eddico.&#8221;,&#8221;position&#8221;:&#8221;&#8221;,&#8221;date&#8221;:&#8221;2026&#8243;,&#8221;date_subtitle&#8221;:&#8221;NOVA ETAPA&#8221;}]}]},{&#8220;component&#8221;:&#8221;hc_column&#8221;,&#8221;id&#8221;:&#8221;column_46dPv&#8221;,&#8221;column_width&#8221;:&#8221;col-md-3&#8243;,&#8221;animation&#8221;:&#8221;&#8221;,&#8221;animation_time&#8221;:&#8221;&#8221;,&#8221;timeline_animation&#8221;:&#8221;&#8221;,&#8221;timeline_delay&#8221;:&#8221;&#8221;,&#8221;timeline_order&#8221;:&#8221;&#8221;,&#8221;css_classes&#8221;:&#8221;&#8221;,&#8221;custom_css_classes&#8221;:&#8221;&#8221;,&#8221;custom_css_styles&#8221;:&#8221;&#8221;,&#8221;main_content&#8221;:[{&#8220;component&#8221;:&#8221;hc_inner_menu&#8221;,&#8221;id&#8221;:&#8221;en5va&#8221;,&#8221;css_classes&#8221;:&#8221;boxed-area &#8220;,&#8221;custom_css_classes&#8221;:&#8221;&#8221;,&#8221;custom_css_styles&#8221;:&#8221;&#8221;,&#8221;rows&#8221;:[{&#8220;component&#8221;:&#8221;repeater_item&#8221;,&#8221;id&#8221;:&#8221;aY7jb&#8221;,&#8221;child&#8221;:&#8221;&#8221;,&#8221;icon&#8221;:&#8221;&#8221;,&#8221;text&#8221;:&#8221;Sobre n\u00f3s&#8221;,&#8221;link&#8221;:&#8221;\/sobre&#8221;},{&#8220;component&#8221;:&#8221;repeater_item&#8221;,&#8221;id&#8221;:&#8221;bjyTa&#8221;,&#8221;child&#8221;:&#8221;&#8221;,&#8221;icon&#8221;:&#8221;&#8221;,&#8221;text&#8221;:&#8221;Nossa hist\u00f3ria&#8221;,&#8221;link&#8221;:&#8221;\/historia&#8221;},{&#8220;component&#8221;:&#8221;repeater_item&#8221;,&#8221;id&#8221;:&#8221;i9Esx&#8221;,&#8221;child&#8221;:&#8221;&#8221;,&#8221;icon&#8221;:&#8221;&#8221;,&#8221;text&#8221;:&#8221;Contato&#8221;,&#8221;link&#8221;:&#8221;\/contato&#8221;}],&#8221;type&#8221;:&#8221;vertical&#8221;,&#8221;alignment&#8221;:&#8221;&#8221;,&#8221;active_item&#8221;:&#8221;&#8221;},{&#8220;component&#8221;:&#8221;hc_space&#8221;,&#8221;id&#8221;:&#8221;IVjzD&#8221;,&#8221;css_classes&#8221;:&#8221;&#8221;,&#8221;custom_css_classes&#8221;:&#8221;&#8221;,&#8221;custom_css_styles&#8221;:&#8221;&#8221;,&#8221;size&#8221;:&#8221;space-sm&#8221;,&#8221;height&#8221;:&#8221;&#8221;},{&#8220;component&#8221;:&#8221;hc_content_box&#8221;,&#8221;id&#8221;:&#8221;HO9dy&#8221;,&#8221;css_classes&#8221;:&#8221;&#8221;,&#8221;custom_css_classes&#8221;:&#8221;&#8221;,&#8221;custom_css_styles&#8221;:&#8221;&#8221;,&#8221;image&#8221;:&#8221;&#8221;,&#8221;title&#8221;:&#8221;Envie sua mensagem&#8221;,&#8221;icon&#8221;:&#8221;im-envelope&#8221;,&#8221;icon_style&#8221;:&#8221;&#8221;,&#8221;icon_image&#8221;:&#8221;&#8221;,&#8221;box_style&#8221;:&#8221;top_icon&#8221;,&#8221;boxed&#8221;:true,&#8221;alignment&#8221;:&#8221;&#8221;,&#8221;title_size&#8221;:&#8221;&#8221;,&#8221;text_size&#8221;:&#8221;&#8221;,&#8221;extra_content&#8221;:&#8221;&#8221;,&#8221;alt&#8221;:&#8221;&#8221;,&#8221;button_text&#8221;:&#8221;Fale conosco&#8221;,&#8221;button_style&#8221;:&#8221;link&#8221;,&#8221;button_dimensions&#8221;:&#8221;btn-lg&#8221;,&#8221;button_animation&#8221;:false,&#8221;button_icon&#8221;:&#8221;&#8221;,&#8221;text&#8221;:&#8221;&#8221;,&#8221;link_type&#8221;:&#8221;classic&#8221;,&#8221;lightbox_animation&#8221;:&#8221;&#8221;,&#8221;caption&#8221;:&#8221;&#8221;,&#8221;inner_caption&#8221;:false,&#8221;new_window&#8221;:false,&#8221;link&#8221;:&#8221;\/contato&#8221;,&#8221;link_content&#8221;:[],&#8221;lightbox_size&#8221;:&#8221;&#8221;,&#8221;scrollbox&#8221;:false}]}],&#8221;section_settings&#8221;:&#8221;&#8221;},&#8221;scripts&#8221;:{&#8220;parallax&#8221;:&#8221;parallax.min.js&#8221;,&#8221;components&#8221;:&#8221;tab-accordion.js&#8221;,&#8221;lightbox&#8221;:&#8221;magnific-popup.min.js&#8221;},&#8221;css&#8221;:{&#8220;lightbox&#8221;:&#8221;css\/magnific-popup.css&#8221;,&#8221;content_box&#8221;:&#8221;css\/content-box.css&#8221;},&#8221;css_page&#8221;:&#8221;&#8221;,&#8221;template_setting&#8221;:{},&#8221;template_setting_top&#8221;:{},&#8221;page_setting&#8221;:{&#8220;settings&#8221;:[&#8220;lock-mode-off&#8221;,&#8221;inner_menu&#8221;]}}<\/p>","protected":false},"excerpt":{"rendered":"<p>{&#8220;main-title&#8221;:{&#8220;component&#8221;:&#8221;hc_title&#8221;,&#8221;id&#8221;:&#8221;main-title&#8221;,&#8221;title&#8221;:&#8221;&#8221;,&#8221;subtitle&#8221;:&#8221;Linha do tempo&#8221;,&#8221;title_content&#8221;:{&#8220;component&#8221;:&#8221;hc_title_image&#8221;,&#8221;id&#8221;:&#8221;title-image&#8221;,&#8221;image&#8221;:&#8221;https:\/\/pbsa.com.br\/wp-content\/uploads\/2025\/12\/hd-wide-3-1920&#215;500-1-new-sepia-1.jpg|500|1920|1040736&#8243;,&#8221;full_screen&#8221;:false,&#8221;full_screen_height&#8221;:&#8221;&#8221;,&#8221;parallax&#8221;:true,&#8221;bleed&#8221;:&#8221;&#8221;,&#8221;ken_burn&#8221;:&#8221;ken-burn-center&#8221;,&#8221;breadcrumbs&#8221;:true,&#8221;light&#8221;:true,&#8221;alignment&#8221;:&#8221;&#8221;}},&#8221;section_5ZtkF&#8221;:{&#8220;component&#8221;:&#8221;hc_section&#8221;,&#8221;id&#8221;:&#8221;section_5ZtkF&#8221;,&#8221;section_width&#8221;:&#8221;&#8221;,&#8221;animation&#8221;:&#8221;&#8221;,&#8221;animation_time&#8221;:&#8221;&#8221;,&#8221;timeline_animation&#8221;:&#8221;&#8221;,&#8221;timeline_delay&#8221;:&#8221;&#8221;,&#8221;timeline_order&#8221;:&#8221;&#8221;,&#8221;vertical_row&#8221;:&#8221;&#8221;,&#8221;css_classes&#8221;:&#8221;&#8221;,&#8221;custom_css_classes&#8221;:&#8221;&#8221;,&#8221;custom_css_styles&#8221;:&#8221;&#8221;,&#8221;section_content&#8221;:[{&#8220;component&#8221;:&#8221;hc_column&#8221;,&#8221;id&#8221;:&#8221;column_3UKHC&#8221;,&#8221;column_width&#8221;:&#8221;col-md-9&#8243;,&#8221;animation&#8221;:&#8221;&#8221;,&#8221;animation_time&#8221;:&#8221;&#8221;,&#8221;timeline_animation&#8221;:&#8221;&#8221;,&#8221;timeline_delay&#8221;:&#8221;&#8221;,&#8221;timeline_order&#8221;:&#8221;&#8221;,&#8221;css_classes&#8221;:&#8221;&#8221;,&#8221;custom_css_classes&#8221;:&#8221;&#8221;,&#8221;custom_css_styles&#8221;:&#8221;&#8221;,&#8221;main_content&#8221;:[{&#8220;component&#8221;:&#8221;hc_timeline&#8221;,&#8221;id&#8221;:&#8221;ZtzxQ&#8221;,&#8221;css_classes&#8221;:&#8221;&#8221;,&#8221;custom_css_classes&#8221;:&#8221;&#8221;,&#8221;custom_css_styles&#8221;:&#8221;&#8221;,&#8221;rows&#8221;:[{&#8220;component&#8221;:&#8221;repeater_item&#8221;,&#8221;id&#8221;:&#8221;g1E7J&#8221;,&#8221;title&#8221;:&#8221;O Nascimento do Escrit\u00f3rio&#8221;,&#8221;content&#8221;:&#8221;O escrit\u00f3rio foi fundado em 2016, a partir da uni\u00e3o de dois profissionais \u00e1vidos para proporcionar algo diferenciado no mercado jur\u00eddico, direcionado especificamente para solucionar as demandas de empres\u00e1rios de diferentes perfis e setores. Com s\u00f3lida forma\u00e7\u00e3o jur\u00eddica, desde o in\u00edcio, a atua\u00e7\u00e3o foi pautada pelo compromisso com a excel\u00eancia t\u00e9cnica, a confian\u00e7a nas rela\u00e7\u00f5es e a busca por solu\u00e7\u00f5es jur\u00eddicas eficientes.&#8221;,&#8221;position&#8221;:&#8221;&#8221;,&#8221;date&#8221;:&#8221;2016&#8243;,&#8221;date_subtitle&#8221;:&#8221;FUNDA\u00c7\u00c3O&#8221;},{&#8220;component&#8221;:&#8221;repeater_item&#8221;,&#8221;id&#8221;:&#8221;PEqFU&#8221;,&#8221;title&#8221;:&#8221;Consolida\u00e7\u00e3o e Novos S\u00f3cios&#8221;,&#8221;content&#8221;:&#8221;Com o crescimento da carteira de clientes e a amplia\u00e7\u00e3o das demandas jur\u00eddicas, em 2019 o escrit\u00f3rio passou por uma importante fase de consolida\u00e7\u00e3o. Esse per\u00edodo foi marcado por entrada de novos s\u00f3cios, amplia\u00e7\u00e3o da equipe e fortalecimento institucional, permitindo a expans\u00e3o das \u00e1reas de atua\u00e7\u00e3o e o aprimoramento dos servi\u00e7os prestados.&#8221;,&#8221;position&#8221;:&#8221;right&#8221;,&#8221;date&#8221;:&#8221;2019&#8243;,&#8221;date_subtitle&#8221;:&#8221;CONSOLIDA\u00c7\u00c3O&#8221;},{&#8220;component&#8221;:&#8221;repeater_item&#8221;,&#8221;id&#8221;:&#8221;IS9c3&#8243;,&#8221;title&#8221;:&#8221;Expans\u00e3o e Presen\u00e7a Global&#8221;,&#8221;content&#8221;:&#8221;A partir de 2022, o escrit\u00f3rio iniciou um processo de expans\u00e3o, ampliando sua atua\u00e7\u00e3o e refor\u00e7ando sua presen\u00e7a no mercado jur\u00eddico nacional e internacional. A inaugura\u00e7\u00e3o de um novo espa\u00e7o f\u00edsico, em joinville, para receber nossos clientes com mais conforto e discri\u00e7\u00e3o, refletiu o reconhecimento do trabalho desenvolvido ao longo dos anos.&#8221;,&#8221;position&#8221;:&#8221;&#8221;,&#8221;date&#8221;:&#8221;2022&#8243;,&#8221;date_subtitle&#8221;:&#8221;EXAPANS\u00c3O&#8221;},{&#8220;component&#8221;:&#8221;repeater_item&#8221;,&#8221;id&#8221;:&#8221;hQozG&#8221;,&#8221;title&#8221;:&#8221;Inova\u00e7\u00e3o nos Canais de Atendimento&#8221;,&#8221;content&#8221;:&#8221;Em 2024, acompanhando a evolu\u00e7\u00e3o do mercado e as novas formas de comunica\u00e7\u00e3o, o escrit\u00f3rio passou a investir em sua presen\u00e7a digital. A moderniza\u00e7\u00e3o dos canais de atendimento e comunica\u00e7\u00e3o refor\u00e7ou o compromisso com a transpar\u00eancia, a proximidade com os clientes e a divulga\u00e7\u00e3o de conte\u00fado jur\u00eddico relevante e atualizado.&#8221;,&#8221;position&#8221;:&#8221;right&#8221;,&#8221;date&#8221;:&#8221;2024&#8243;,&#8221;date_subtitle&#8221;:&#8221;INOVA\u00c7\u00c3O&#8221;},{&#8220;component&#8221;:&#8221;repeater_item&#8221;,&#8221;id&#8221;:&#8221;zTtmH&#8221;,&#8221;title&#8221;:&#8221;Um Novo Cap\u00edtulo em Nossa Hist\u00f3ria&#8221;,&#8221;content&#8221;:&#8221;Atualmente, em 2026, iniciaremos nossas atividades em uma nova sede, constru\u00edda e planejada para oferecer uma experi\u00eancia diferenciada aos clientes. O escrit\u00f3rio segue em constante evolu\u00e7\u00e3o, mantendo seus valores fundamentais e buscando solu\u00e7\u00f5es jur\u00eddicas inovadoras e seguras. Permanecemos comprometido em oferecer um atendimento personalizado, alinhado \u00e0s necessidades de cada cliente e \u00e0s constantes transforma\u00e7\u00f5es do cen\u00e1rio jur\u00eddico.&#8221;,&#8221;position&#8221;:&#8221;&#8221;,&#8221;date&#8221;:&#8221;2026&#8243;,&#8221;date_subtitle&#8221;:&#8221;NOVA ETAPA&#8221;}]}]},{&#8220;component&#8221;:&#8221;hc_column&#8221;,&#8221;id&#8221;:&#8221;column_46dPv&#8221;,&#8221;column_width&#8221;:&#8221;col-md-3&#8243;,&#8221;animation&#8221;:&#8221;&#8221;,&#8221;animation_time&#8221;:&#8221;&#8221;,&#8221;timeline_animation&#8221;:&#8221;&#8221;,&#8221;timeline_delay&#8221;:&#8221;&#8221;,&#8221;timeline_order&#8221;:&#8221;&#8221;,&#8221;css_classes&#8221;:&#8221;&#8221;,&#8221;custom_css_classes&#8221;:&#8221;&#8221;,&#8221;custom_css_styles&#8221;:&#8221;&#8221;,&#8221;main_content&#8221;:[{&#8220;component&#8221;:&#8221;hc_inner_menu&#8221;,&#8221;id&#8221;:&#8221;en5va&#8221;,&#8221;css_classes&#8221;:&#8221;boxed-area &#8220;,&#8221;custom_css_classes&#8221;:&#8221;&#8221;,&#8221;custom_css_styles&#8221;:&#8221;&#8221;,&#8221;rows&#8221;:[{&#8220;component&#8221;:&#8221;repeater_item&#8221;,&#8221;id&#8221;:&#8221;aY7jb&#8221;,&#8221;child&#8221;:&#8221;&#8221;,&#8221;icon&#8221;:&#8221;&#8221;,&#8221;text&#8221;:&#8221;Sobre n\u00f3s&#8221;,&#8221;link&#8221;:&#8221;\/sobre&#8221;},{&#8220;component&#8221;:&#8221;repeater_item&#8221;,&#8221;id&#8221;:&#8221;bjyTa&#8221;,&#8221;child&#8221;:&#8221;&#8221;,&#8221;icon&#8221;:&#8221;&#8221;,&#8221;text&#8221;:&#8221;Nossa hist\u00f3ria&#8221;,&#8221;link&#8221;:&#8221;\/historia&#8221;},{&#8220;component&#8221;:&#8221;repeater_item&#8221;,&#8221;id&#8221;:&#8221;i9Esx&#8221;,&#8221;child&#8221;:&#8221;&#8221;,&#8221;icon&#8221;:&#8221;&#8221;,&#8221;text&#8221;:&#8221;Contato&#8221;,&#8221;link&#8221;:&#8221;\/contato&#8221;}],&#8221;type&#8221;:&#8221;vertical&#8221;,&#8221;alignment&#8221;:&#8221;&#8221;,&#8221;active_item&#8221;:&#8221;&#8221;},{&#8220;component&#8221;:&#8221;hc_space&#8221;,&#8221;id&#8221;:&#8221;IVjzD&#8221;,&#8221;css_classes&#8221;:&#8221;&#8221;,&#8221;custom_css_classes&#8221;:&#8221;&#8221;,&#8221;custom_css_styles&#8221;:&#8221;&#8221;,&#8221;size&#8221;:&#8221;space-sm&#8221;,&#8221;height&#8221;:&#8221;&#8221;},{&#8220;component&#8221;:&#8221;hc_content_box&#8221;,&#8221;id&#8221;:&#8221;HO9dy&#8221;,&#8221;css_classes&#8221;:&#8221;&#8221;,&#8221;custom_css_classes&#8221;:&#8221;&#8221;,&#8221;custom_css_styles&#8221;:&#8221;&#8221;,&#8221;image&#8221;:&#8221;&#8221;,&#8221;title&#8221;:&#8221;Envie sua mensagem&#8221;,&#8221;icon&#8221;:&#8221;im-envelope&#8221;,&#8221;icon_style&#8221;:&#8221;&#8221;,&#8221;icon_image&#8221;:&#8221;&#8221;,&#8221;box_style&#8221;:&#8221;top_icon&#8221;,&#8221;boxed&#8221;:true,&#8221;alignment&#8221;:&#8221;&#8221;,&#8221;title_size&#8221;:&#8221;&#8221;,&#8221;text_size&#8221;:&#8221;&#8221;,&#8221;extra_content&#8221;:&#8221;&#8221;,&#8221;alt&#8221;:&#8221;&#8221;,&#8221;button_text&#8221;:&#8221;Fale conosco&#8221;,&#8221;button_style&#8221;:&#8221;link&#8221;,&#8221;button_dimensions&#8221;:&#8221;btn-lg&#8221;,&#8221;button_animation&#8221;:false,&#8221;button_icon&#8221;:&#8221;&#8221;,&#8221;text&#8221;:&#8221;&#8221;,&#8221;link_type&#8221;:&#8221;classic&#8221;,&#8221;lightbox_animation&#8221;:&#8221;&#8221;,&#8221;caption&#8221;:&#8221;&#8221;,&#8221;inner_caption&#8221;:false,&#8221;new_window&#8221;:false,&#8221;link&#8221;:&#8221;\/contato&#8221;,&#8221;link_content&#8221;:[],&#8221;lightbox_size&#8221;:&#8221;&#8221;,&#8221;scrollbox&#8221;:false}]}],&#8221;section_settings&#8221;:&#8221;&#8221;},&#8221;scripts&#8221;:{&#8220;parallax&#8221;:&#8221;parallax.min.js&#8221;,&#8221;components&#8221;:&#8221;tab-accordion.js&#8221;,&#8221;lightbox&#8221;:&#8221;magnific-popup.min.js&#8221;},&#8221;css&#8221;:{&#8220;lightbox&#8221;:&#8221;css\/magnific-popup.css&#8221;,&#8221;content_box&#8221;:&#8221;css\/content-box.css&#8221;},&#8221;css_page&#8221;:&#8221;&#8221;,&#8221;template_setting&#8221;:{},&#8221;template_setting_top&#8221;:{},&#8221;page_setting&#8221;:{&#8220;settings&#8221;:[&#8220;lock-mode-off&#8221;,&#8221;inner_menu&#8221;]}}<\/p>","protected":false},"author":1,"featured_media":0,"parent":0,"menu_order":0,"comment_status":"closed","ping_status":"closed","template":"","meta":{"_joinchat":[],"footnotes":""},"coauthors":[82],"class_list":["post-171","page","type-page","status-publish","hentry"],"_links":{"self":[{"href":"https:\/\/pbsa.com.br\/en\/wp-json\/wp\/v2\/pages\/171","targetHints":{"allow":["GET"]}}],"collection":[{"href":"https:\/\/pbsa.com.br\/en\/wp-json\/wp\/v2\/pages"}],"about":[{"href":"https:\/\/pbsa.com.br\/en\/wp-json\/wp\/v2\/types\/page"}],"author":[{"embeddable":true,"href":"https:\/\/pbsa.com.br\/en\/wp-json\/wp\/v2\/users\/1"}],"replies":[{"embeddable":true,"href":"https:\/\/pbsa.com.br\/en\/wp-json\/wp\/v2\/comments?post=171"}],"version-history":[{"count":18,"href":"https:\/\/pbsa.com.br\/en\/wp-json\/wp\/v2\/pages\/171\/revisions"}],"predecessor-version":[{"id":1042798,"href":"https:\/\/pbsa.com.br\/en\/wp-json\/wp\/v2\/pages\/171\/revisions\/1042798"}],"wp:attachment":[{"href":"https:\/\/pbsa.com.br\/en\/wp-json\/wp\/v2\/media?parent=171"}],"wp:term":[{"taxonomy":"author","embeddable":true,"href":"https:\/\/pbsa.com.br\/en\/wp-json\/wp\/v2\/coauthors?post=171"}],"curies":[{"name":"wp","href":"https:\/\/api.w.org\/{rel}","templated":true}]}}